{"id":103,"date":"2026-02-13T15:21:35","date_gmt":"2026-02-13T15:21:35","guid":{"rendered":"https:\/\/jardinsdumidi-sainttropez.fr\/?page_id=103"},"modified":"2026-03-06T11:31:57","modified_gmt":"2026-03-06T11:31:57","slug":"jardins-elagage-forestier","status":"publish","type":"page","link":"https:\/\/jardinsdumidi-sainttropez.fr\/index.php\/jardins-elagage-forestier\/","title":{"rendered":"Entreprise"},"content":{"rendered":"\t\t<div data-elementor-type=\"wp-page\" data-elementor-id=\"103\" class=\"elementor elementor-103\" data-elementor-post-type=\"page\">\n\t\t\t\t<div class=\"elementor-element elementor-element-f5cba39 e-flex e-con-boxed e-con e-parent\" data-id=\"f5cba39\" data-element_type=\"container\" data-e-type=\"container\" data-settings=\"{&quot;background_background&quot;:&quot;classic&quot;}\">\n\t\t\t\t\t<div class=\"e-con-inner\">\n\t\t\t\t<div class=\"elementor-element elementor-element-f54fef0 elementor-widget elementor-widget-heading\" data-id=\"f54fef0\" data-element_type=\"widget\" data-e-type=\"widget\" data-widget_type=\"heading.default\">\n\t\t\t\t\t<h2 class=\"elementor-heading-title elementor-size-default\">L'ENTREPRISE<\/h2>\t\t\t\t<\/div>\n\t\t\t\t\t<\/div>\n\t\t\t\t<\/div>\n\t\t<div class=\"elementor-element elementor-element-7bc43f6 e-con-full e-flex e-con e-parent\" data-id=\"7bc43f6\" data-element_type=\"container\" data-e-type=\"container\" data-settings=\"{&quot;background_background&quot;:&quot;classic&quot;}\">\n\t\t\t\t<div class=\"elementor-element elementor-element-985983e elementor-widget elementor-widget-heading\" data-id=\"985983e\" data-element_type=\"widget\" data-e-type=\"widget\" data-widget_type=\"heading.default\">\n\t\t\t\t\t<h2 class=\"elementor-heading-title elementor-size-default\">Entretien de jardins<\/h2>\t\t\t\t<\/div>\n\t\t<div class=\"elementor-element elementor-element-b5d0d07 e-con-full e-flex e-con e-child\" data-id=\"b5d0d07\" data-element_type=\"container\" data-e-type=\"container\">\n\t\t\t\t<div class=\"elementor-element elementor-element-900d7e5 elementor-widget__width-initial elementor-widget elementor-widget-image\" data-id=\"900d7e5\" data-element_type=\"widget\" data-e-type=\"widget\" data-widget_type=\"image.default\">\n\t\t\t\t\t\t\t\t\t\t\t\t\t\t\t<img fetchpriority=\"high\" decoding=\"async\" width=\"2048\" height=\"2048\" src=\"https:\/\/jardinsdumidi-sainttropez.fr\/wp-content\/uploads\/2026\/03\/Entreprise-Entretien3.png\" class=\"attachment-full size-full wp-image-200\" alt=\"\" srcset=\"https:\/\/jardinsdumidi-sainttropez.fr\/wp-content\/uploads\/2026\/03\/Entreprise-Entretien3.png 2048w, https:\/\/jardinsdumidi-sainttropez.fr\/wp-content\/uploads\/2026\/03\/Entreprise-Entretien3-300x300.png 300w, https:\/\/jardinsdumidi-sainttropez.fr\/wp-content\/uploads\/2026\/03\/Entreprise-Entretien3-1024x1024.png 1024w, https:\/\/jardinsdumidi-sainttropez.fr\/wp-content\/uploads\/2026\/03\/Entreprise-Entretien3-150x150.png 150w, https:\/\/jardinsdumidi-sainttropez.fr\/wp-content\/uploads\/2026\/03\/Entreprise-Entretien3-768x768.png 768w, https:\/\/jardinsdumidi-sainttropez.fr\/wp-content\/uploads\/2026\/03\/Entreprise-Entretien3-1536x1536.png 1536w\" sizes=\"(max-width: 2048px) 100vw, 2048px\" \/>\t\t\t\t\t\t\t\t\t\t\t\t\t\t\t<\/div>\n\t\t\t\t<div class=\"elementor-element elementor-element-4ec558d elementor-widget elementor-widget-text-editor\" data-id=\"4ec558d\" data-element_type=\"widget\" data-e-type=\"widget\" data-widget_type=\"text-editor.default\">\n\t\t\t\t\t\t\t\t\t<p data-start=\"303\" data-end=\"514\"><span style=\"text-decoration: underline;\"><strong>Entretenir un jardin dans le Golfe de Saint-Tropez demande rigueur et r\u00e9gularit\u00e9.<\/strong><\/span><\/p><p data-start=\"303\" data-end=\"514\">Climat m\u00e9diterran\u00e9en, s\u00e9cheresse estivale, pluies intenses ou v\u00e9g\u00e9tation envahissante : chaque terrain a ses contraintes.<\/p><p data-start=\"516\" data-end=\"687\">Nous adaptons nos m\u00e9thodes selon la nature du sol et les essences pr\u00e9sentes : taille raisonn\u00e9e, tonte structur\u00e9e, gestion de l\u2019arrosage, contr\u00f4le sanitaire des v\u00e9g\u00e9taux.<\/p><p data-start=\"689\" data-end=\"851\">Nous intervenons sur villas, r\u00e9sidences secondaires, copropri\u00e9t\u00e9s et terrains en pente, avec des fr\u00e9quences sur mesure : hebdomadaire, mensuelle ou saisonni\u00e8re.<\/p><p data-start=\"853\" data-end=\"937\"><span style=\"text-decoration: underline;\"><strong data-start=\"853\" data-end=\"900\">Un jardin suivi est un patrimoine pr\u00e9serv\u00e9.<\/strong><\/span><\/p><p data-start=\"853\" data-end=\"937\"><br data-start=\"900\" data-end=\"903\" \/>Demandez votre devis personnalis\u00e9.<\/p>\t\t\t\t\t\t\t\t<\/div>\n\t\t\t\t<\/div>\n\t\t<div class=\"elementor-element elementor-element-e0cbafb e-flex e-con-boxed e-con e-child\" data-id=\"e0cbafb\" data-element_type=\"container\" data-e-type=\"container\">\n\t\t\t\t\t<div class=\"e-con-inner\">\n\t\t\t\t<div class=\"elementor-element elementor-element-61b3668 elementor-widget elementor-widget-text-editor\" data-id=\"61b3668\" data-element_type=\"widget\" data-e-type=\"widget\" data-widget_type=\"text-editor.default\">\n\t\t\t\t\t\t\t\t\t<p data-start=\"1698\" data-end=\"1818\"><span style=\"text-decoration: underline;\"><strong>Chaque jardin du Golfe a son caract\u00e8re.<\/strong><\/span><\/p><p data-start=\"1698\" data-end=\"1818\">Vent marin, soleil intense, v\u00e9g\u00e9tation dense : l\u2019entretien ne s\u2019improvise pas.<\/p><p data-start=\"1820\" data-end=\"1995\">Nous travaillons avec m\u00e9thode et pr\u00e9cision : taille adapt\u00e9e aux saisons, entretien des pelouses, soin des oliviers et des massifs, v\u00e9rification des installations d\u2019arrosage.<\/p><p data-start=\"1997\" data-end=\"2158\">Qu\u2019il s\u2019agisse d\u2019un petit jardin de ville ou d\u2019une grande propri\u00e9t\u00e9 en bord de mer, nous proposons des interventions r\u00e9guli\u00e8res ou ponctuelles selon vos besoins.<\/p><p data-start=\"1997\" data-end=\"2158\"><span style=\"text-decoration: underline;\"><strong data-start=\"2160\" data-end=\"2200\">Votre jardin m\u00e9rite un suivi expert.<\/strong><\/span><\/p><p data-start=\"1997\" data-end=\"2158\">Demandez votre devis d\u00e8s aujourd\u2019hui.<\/p>\t\t\t\t\t\t\t\t<\/div>\n\t\t\t\t<div class=\"elementor-element elementor-element-842eb16 elementor-widget__width-initial elementor-widget elementor-widget-image\" data-id=\"842eb16\" data-element_type=\"widget\" data-e-type=\"widget\" data-widget_type=\"image.default\">\n\t\t\t\t\t\t\t\t\t\t\t\t\t\t\t<img decoding=\"async\" width=\"2000\" height=\"2000\" src=\"https:\/\/jardinsdumidi-sainttropez.fr\/wp-content\/uploads\/2026\/03\/freepik__upload__65195.jpeg\" class=\"attachment-full size-full wp-image-204\" alt=\"\" srcset=\"https:\/\/jardinsdumidi-sainttropez.fr\/wp-content\/uploads\/2026\/03\/freepik__upload__65195.jpeg 2000w, https:\/\/jardinsdumidi-sainttropez.fr\/wp-content\/uploads\/2026\/03\/freepik__upload__65195-300x300.jpeg 300w, https:\/\/jardinsdumidi-sainttropez.fr\/wp-content\/uploads\/2026\/03\/freepik__upload__65195-1024x1024.jpeg 1024w, https:\/\/jardinsdumidi-sainttropez.fr\/wp-content\/uploads\/2026\/03\/freepik__upload__65195-150x150.jpeg 150w, https:\/\/jardinsdumidi-sainttropez.fr\/wp-content\/uploads\/2026\/03\/freepik__upload__65195-768x768.jpeg 768w, https:\/\/jardinsdumidi-sainttropez.fr\/wp-content\/uploads\/2026\/03\/freepik__upload__65195-1536x1536.jpeg 1536w\" sizes=\"(max-width: 2000px) 100vw, 2000px\" \/>\t\t\t\t\t\t\t\t\t\t\t\t\t\t\t<\/div>\n\t\t\t\t\t<\/div>\n\t\t\t\t<\/div>\n\t\t\t\t<\/div>\n\t\t<div class=\"elementor-element elementor-element-11344c1 e-con-full e-flex e-con e-parent\" data-id=\"11344c1\" data-element_type=\"container\" data-e-type=\"container\" data-settings=\"{&quot;background_background&quot;:&quot;classic&quot;}\">\n\t\t\t\t<div class=\"elementor-element elementor-element-a116866 elementor-widget elementor-widget-heading\" data-id=\"a116866\" data-element_type=\"widget\" data-e-type=\"widget\" data-widget_type=\"heading.default\">\n\t\t\t\t\t<h2 class=\"elementor-heading-title elementor-size-default\">\u00c9lagages &amp; travaux forestiers<\/h2>\t\t\t\t<\/div>\n\t\t<div class=\"elementor-element elementor-element-e93b924 e-flex e-con-boxed e-con e-child\" data-id=\"e93b924\" data-element_type=\"container\" data-e-type=\"container\">\n\t\t\t\t\t<div class=\"e-con-inner\">\n\t\t\t\t<div class=\"elementor-element elementor-element-4843c47 elementor-widget__width-initial elementor-widget elementor-widget-image\" data-id=\"4843c47\" data-element_type=\"widget\" data-e-type=\"widget\" data-widget_type=\"image.default\">\n\t\t\t\t\t\t\t\t\t\t\t\t\t\t\t<img decoding=\"async\" width=\"2000\" height=\"2000\" src=\"https:\/\/jardinsdumidi-sainttropez.fr\/wp-content\/uploads\/2026\/03\/elagages.jpg\" class=\"attachment-full size-full wp-image-206\" alt=\"\" srcset=\"https:\/\/jardinsdumidi-sainttropez.fr\/wp-content\/uploads\/2026\/03\/elagages.jpg 2000w, https:\/\/jardinsdumidi-sainttropez.fr\/wp-content\/uploads\/2026\/03\/elagages-300x300.jpg 300w, https:\/\/jardinsdumidi-sainttropez.fr\/wp-content\/uploads\/2026\/03\/elagages-1024x1024.jpg 1024w, https:\/\/jardinsdumidi-sainttropez.fr\/wp-content\/uploads\/2026\/03\/elagages-150x150.jpg 150w, https:\/\/jardinsdumidi-sainttropez.fr\/wp-content\/uploads\/2026\/03\/elagages-768x768.jpg 768w, https:\/\/jardinsdumidi-sainttropez.fr\/wp-content\/uploads\/2026\/03\/elagages-1536x1536.jpg 1536w\" sizes=\"(max-width: 2000px) 100vw, 2000px\" \/>\t\t\t\t\t\t\t\t\t\t\t\t\t\t\t<\/div>\n\t\t\t\t<div class=\"elementor-element elementor-element-73282ef elementor-widget elementor-widget-text-editor\" data-id=\"73282ef\" data-element_type=\"widget\" data-e-type=\"widget\" data-widget_type=\"text-editor.default\">\n\t\t\t\t\t\t\t\t\t<p data-start=\"107\" data-end=\"387\">L\u2019\u00e9lagage est une intervention technique qui exige expertise, pr\u00e9cision et respect strict des r\u00e8gles de s\u00e9curit\u00e9. Nous intervenons avec du mat\u00e9riel professionnel adapt\u00e9 aux travaux en hauteur et aux environnements complexes (proximit\u00e9 d\u2019habitations, voirie, lignes \u00e9lectriques).<\/p><p data-start=\"389\" data-end=\"760\">Form\u00e9e aux techniques d\u2019\u00e9lagage raisonn\u00e9, notre \u00e9quipe veille \u00e0 la sant\u00e9 des arbres tout en garantissant la s\u00e9curit\u00e9 des biens et des personnes. Nous intervenons \u00e9galement en zones sensibles et respectons les r\u00e9glementations locales en vigueur, notamment celles li\u00e9es au d\u00e9broussaillement obligatoire et \u00e0 la pr\u00e9vention des risques incendie dans le Golfe de Saint-Tropez.<\/p>\t\t\t\t\t\t\t\t<\/div>\n\t\t\t\t\t<\/div>\n\t\t\t\t<\/div>\n\t\t<div class=\"elementor-element elementor-element-e76ba73 e-flex e-con-boxed e-con e-child\" data-id=\"e76ba73\" data-element_type=\"container\" data-e-type=\"container\">\n\t\t\t\t\t<div class=\"e-con-inner\">\n\t\t\t\t<div class=\"elementor-element elementor-element-c4566a4 elementor-widget elementor-widget-text-editor\" data-id=\"c4566a4\" data-element_type=\"widget\" data-e-type=\"widget\" data-widget_type=\"text-editor.default\">\n\t\t\t\t\t\t\t\t\t<p data-start=\"793\" data-end=\"1080\">Les travaux forestiers n\u00e9cessitent une organisation rigoureuse et une parfaite ma\u00eetrise des contraintes naturelles. Que ce soit pour du d\u00e9broussaillage, de l\u2019abattage ou de la gestion de zones bois\u00e9es, nous travaillons avec des \u00e9quipements certifi\u00e9s et adapt\u00e9s aux terrains difficiles.<\/p><p data-start=\"1082\" data-end=\"1399\">Nos interventions s\u2019effectuent dans le respect des normes de s\u00e9curit\u00e9 et des r\u00e9glementations locales, particuli\u00e8rement en mati\u00e8re de pr\u00e9vention des incendies et d\u2019entretien des parcelles en zone sensible. Chaque chantier est pr\u00e9par\u00e9 avec m\u00e9thode afin d\u2019assurer efficacit\u00e9, conformit\u00e9 et protection de l\u2019environnement.<\/p>\t\t\t\t\t\t\t\t<\/div>\n\t\t\t\t<div class=\"elementor-element elementor-element-c87ed65 elementor-widget__width-initial elementor-widget elementor-widget-image\" data-id=\"c87ed65\" data-element_type=\"widget\" data-e-type=\"widget\" data-widget_type=\"image.default\">\n\t\t\t\t\t\t\t\t\t\t\t\t\t\t\t<img loading=\"lazy\" decoding=\"async\" width=\"2560\" height=\"2560\" src=\"https:\/\/jardinsdumidi-sainttropez.fr\/wp-content\/uploads\/2026\/03\/Travaux_forestiers-scaled.jpg\" class=\"attachment-full size-full wp-image-207\" alt=\"\" srcset=\"https:\/\/jardinsdumidi-sainttropez.fr\/wp-content\/uploads\/2026\/03\/Travaux_forestiers-scaled.jpg 2560w, https:\/\/jardinsdumidi-sainttropez.fr\/wp-content\/uploads\/2026\/03\/Travaux_forestiers-300x300.jpg 300w, https:\/\/jardinsdumidi-sainttropez.fr\/wp-content\/uploads\/2026\/03\/Travaux_forestiers-1024x1024.jpg 1024w, https:\/\/jardinsdumidi-sainttropez.fr\/wp-content\/uploads\/2026\/03\/Travaux_forestiers-150x150.jpg 150w, https:\/\/jardinsdumidi-sainttropez.fr\/wp-content\/uploads\/2026\/03\/Travaux_forestiers-768x768.jpg 768w, https:\/\/jardinsdumidi-sainttropez.fr\/wp-content\/uploads\/2026\/03\/Travaux_forestiers-1536x1536.jpg 1536w, https:\/\/jardinsdumidi-sainttropez.fr\/wp-content\/uploads\/2026\/03\/Travaux_forestiers-2048x2048.jpg 2048w\" sizes=\"(max-width: 2560px) 100vw, 2560px\" \/>\t\t\t\t\t\t\t\t\t\t\t\t\t\t\t<\/div>\n\t\t\t\t\t<\/div>\n\t\t\t\t<\/div>\n\t\t\t\t<\/div>\n\t\t<div class=\"elementor-element elementor-element-d15ca56 e-con-full e-flex e-con e-parent\" data-id=\"d15ca56\" data-element_type=\"container\" data-e-type=\"container\" data-settings=\"{&quot;background_background&quot;:&quot;classic&quot;}\">\n\t\t\t\t<div class=\"elementor-element elementor-element-280a527 elementor-widget elementor-widget-heading\" data-id=\"280a527\" data-element_type=\"widget\" data-e-type=\"widget\" data-widget_type=\"heading.default\">\n\t\t\t\t\t<h2 class=\"elementor-heading-title elementor-size-default\">Travaux paysagers &amp; VRD<\/h2>\t\t\t\t<\/div>\n\t\t<div class=\"elementor-element elementor-element-972f4d5 e-flex e-con-boxed e-con e-child\" data-id=\"972f4d5\" data-element_type=\"container\" data-e-type=\"container\">\n\t\t\t\t\t<div class=\"e-con-inner\">\n\t\t\t\t<div class=\"elementor-element elementor-element-df7ed4e elementor-widget__width-initial elementor-widget elementor-widget-image\" data-id=\"df7ed4e\" data-element_type=\"widget\" data-e-type=\"widget\" data-widget_type=\"image.default\">\n\t\t\t\t\t\t\t\t\t\t\t\t\t\t\t<img loading=\"lazy\" decoding=\"async\" width=\"2560\" height=\"2560\" src=\"https:\/\/jardinsdumidi-sainttropez.fr\/wp-content\/uploads\/2026\/03\/Travaux_paysagers.jpg\" class=\"attachment-full size-full wp-image-209\" alt=\"\" srcset=\"https:\/\/jardinsdumidi-sainttropez.fr\/wp-content\/uploads\/2026\/03\/Travaux_paysagers.jpg 2560w, https:\/\/jardinsdumidi-sainttropez.fr\/wp-content\/uploads\/2026\/03\/Travaux_paysagers-300x300.jpg 300w, https:\/\/jardinsdumidi-sainttropez.fr\/wp-content\/uploads\/2026\/03\/Travaux_paysagers-1024x1024.jpg 1024w, https:\/\/jardinsdumidi-sainttropez.fr\/wp-content\/uploads\/2026\/03\/Travaux_paysagers-150x150.jpg 150w, https:\/\/jardinsdumidi-sainttropez.fr\/wp-content\/uploads\/2026\/03\/Travaux_paysagers-768x768.jpg 768w, https:\/\/jardinsdumidi-sainttropez.fr\/wp-content\/uploads\/2026\/03\/Travaux_paysagers-1536x1536.jpg 1536w, https:\/\/jardinsdumidi-sainttropez.fr\/wp-content\/uploads\/2026\/03\/Travaux_paysagers-2048x2048.jpg 2048w\" sizes=\"(max-width: 2560px) 100vw, 2560px\" \/>\t\t\t\t\t\t\t\t\t\t\t\t\t\t\t<\/div>\n\t\t\t\t<div class=\"elementor-element elementor-element-01613b3 elementor-widget elementor-widget-text-editor\" data-id=\"01613b3\" data-element_type=\"widget\" data-e-type=\"widget\" data-widget_type=\"text-editor.default\">\n\t\t\t\t\t\t\t\t\t<p data-start=\"119\" data-end=\"413\">De la conception \u00e0 la r\u00e9alisation, nous vous accompagnons de A \u00e0 Z dans la transformation de votre ext\u00e9rieur. Chaque projet fait l\u2019objet d\u2019une \u00e9tude pr\u00e9cise afin de coordonner efficacement l\u2019ensemble des travaux : pr\u00e9paration du terrain, r\u00e9seaux, ma\u00e7onnerie paysag\u00e8re, plantations et finitions.<\/p><p data-start=\"415\" data-end=\"746\">Habitu\u00e9s aux configurations complexes \u2014 terrains en pente, acc\u00e8s restreints, restanques ou grandes propri\u00e9t\u00e9s \u2014 nous adaptons nos m\u00e9thodes pour garantir un r\u00e9sultat harmonieux et durable. Notre objectif : r\u00e9v\u00e9ler le potentiel de votre terrain et en faire un espace esth\u00e9tique, structur\u00e9 et parfaitement int\u00e9gr\u00e9 \u00e0 son environnement.<\/p>\t\t\t\t\t\t\t\t<\/div>\n\t\t\t\t\t<\/div>\n\t\t\t\t<\/div>\n\t\t<div class=\"elementor-element elementor-element-3d9f5ec e-flex e-con-boxed e-con e-child\" data-id=\"3d9f5ec\" data-element_type=\"container\" data-e-type=\"container\">\n\t\t\t\t\t<div class=\"e-con-inner\">\n\t\t\t\t<div class=\"elementor-element elementor-element-6fb6402 elementor-widget elementor-widget-text-editor\" data-id=\"6fb6402\" data-element_type=\"widget\" data-e-type=\"widget\" data-widget_type=\"text-editor.default\">\n\t\t\t\t\t\t\t\t\t<p data-start=\"160\" data-end=\"460\">Les travaux de VRD constituent la base technique indispensable \u00e0 tout am\u00e9nagement ext\u00e9rieur r\u00e9ussi. Nous vous accompagnons de A \u00e0 Z, depuis l\u2019\u00e9tude du terrain jusqu\u2019\u00e0 la coordination compl\u00e8te des interventions : terrassement, drainage, r\u00e9seaux d\u2019arrosage, gaines \u00e9lectriques et pr\u00e9paration des acc\u00e8s.<\/p><p data-start=\"462\" data-end=\"782\">Habitu\u00e9s aux configurations complexes \u2014 terrains en pente, acc\u00e8s difficiles ou parcelles contraintes \u2014 nous adaptons nos m\u00e9thodes pour garantir solidit\u00e9, conformit\u00e9 et durabilit\u00e9. Notre objectif est double : assurer une infrastructure fiable et mettre en valeur le potentiel de votre terrain avant toute phase paysag\u00e8re.<\/p>\t\t\t\t\t\t\t\t<\/div>\n\t\t\t\t<div class=\"elementor-element elementor-element-3ec33c2 elementor-widget__width-initial elementor-widget elementor-widget-image\" data-id=\"3ec33c2\" data-element_type=\"widget\" data-e-type=\"widget\" data-widget_type=\"image.default\">\n\t\t\t\t\t\t\t\t\t\t\t\t\t\t\t<img loading=\"lazy\" decoding=\"async\" width=\"2560\" height=\"2560\" src=\"https:\/\/jardinsdumidi-sainttropez.fr\/wp-content\/uploads\/2026\/03\/VRD-scaled.jpg\" class=\"attachment-full size-full wp-image-208\" alt=\"\" srcset=\"https:\/\/jardinsdumidi-sainttropez.fr\/wp-content\/uploads\/2026\/03\/VRD-scaled.jpg 2560w, https:\/\/jardinsdumidi-sainttropez.fr\/wp-content\/uploads\/2026\/03\/VRD-300x300.jpg 300w, https:\/\/jardinsdumidi-sainttropez.fr\/wp-content\/uploads\/2026\/03\/VRD-1024x1024.jpg 1024w, https:\/\/jardinsdumidi-sainttropez.fr\/wp-content\/uploads\/2026\/03\/VRD-150x150.jpg 150w, https:\/\/jardinsdumidi-sainttropez.fr\/wp-content\/uploads\/2026\/03\/VRD-768x768.jpg 768w, https:\/\/jardinsdumidi-sainttropez.fr\/wp-content\/uploads\/2026\/03\/VRD-1536x1536.jpg 1536w, https:\/\/jardinsdumidi-sainttropez.fr\/wp-content\/uploads\/2026\/03\/VRD-2048x2048.jpg 2048w\" sizes=\"(max-width: 2560px) 100vw, 2560px\" \/>\t\t\t\t\t\t\t\t\t\t\t\t\t\t\t<\/div>\n\t\t\t\t\t<\/div>\n\t\t\t\t<\/div>\n\t\t\t\t<\/div>\n\t\t\t\t<\/div>\n\t\t","protected":false},"excerpt":{"rendered":"<p>L&rsquo;ENTREPRISE Entretien de jardins Entretenir un jardin dans le Golfe de Saint-Tropez demande rigueur et r\u00e9gularit\u00e9. Climat m\u00e9diterran\u00e9en, s\u00e9cheresse estivale, pluies intenses ou v\u00e9g\u00e9tation envahissante : chaque terrain a ses contraintes. Nous adaptons nos m\u00e9thodes selon la nature du sol et les essences pr\u00e9sentes : taille raisonn\u00e9e, tonte structur\u00e9e, gestion de l\u2019arrosage, contr\u00f4le sanitaire des [&hellip;]<\/p>\n","protected":false},"author":1,"featured_media":0,"parent":0,"menu_order":0,"comment_status":"closed","ping_status":"closed","template":"elementor_header_footer","meta":{"footnotes":""},"class_list":["post-103","page","type-page","status-publish","hentry"],"_links":{"self":[{"href":"https:\/\/jardinsdumidi-sainttropez.fr\/index.php\/wp-json\/wp\/v2\/pages\/103","targetHints":{"allow":["GET"]}}],"collection":[{"href":"https:\/\/jardinsdumidi-sainttropez.fr\/index.php\/wp-json\/wp\/v2\/pages"}],"about":[{"href":"https:\/\/jardinsdumidi-sainttropez.fr\/index.php\/wp-json\/wp\/v2\/types\/page"}],"author":[{"embeddable":true,"href":"https:\/\/jardinsdumidi-sainttropez.fr\/index.php\/wp-json\/wp\/v2\/users\/1"}],"replies":[{"embeddable":true,"href":"https:\/\/jardinsdumidi-sainttropez.fr\/index.php\/wp-json\/wp\/v2\/comments?post=103"}],"version-history":[{"count":16,"href":"https:\/\/jardinsdumidi-sainttropez.fr\/index.php\/wp-json\/wp\/v2\/pages\/103\/revisions"}],"predecessor-version":[{"id":212,"href":"https:\/\/jardinsdumidi-sainttropez.fr\/index.php\/wp-json\/wp\/v2\/pages\/103\/revisions\/212"}],"wp:attachment":[{"href":"https:\/\/jardinsdumidi-sainttropez.fr\/index.php\/wp-json\/wp\/v2\/media?parent=103"}],"curies":[{"name":"wp","href":"https:\/\/api.w.org\/{rel}","templated":true}]}}